{"id":1473,"date":"2018-12-05T15:12:24","date_gmt":"2018-12-05T15:12:24","guid":{"rendered":"http:\/\/66.70.176.40\/~unisoya26\/contact\/"},"modified":"2026-03-02T13:40:15","modified_gmt":"2026-03-02T18:40:15","slug":"contact-us","status":"publish","type":"page","link":"https:\/\/unisoya.com\/en\/contact-us\/","title":{"rendered":"Contact"},"content":{"rendered":"\t\t<div data-elementor-type=\"wp-post\" data-elementor-id=\"1473\" class=\"elementor elementor-1473 elementor-76\" data-elementor-post-type=\"page\">\n\t\t\t\t<div class=\"elementor-element elementor-element-ee5f8a7 e-flex e-con-boxed e-con e-parent\" data-id=\"ee5f8a7\" data-element_type=\"container\" data-e-type=\"container\">\n\t\t\t\t\t<div class=\"e-con-inner\">\n\t\t\t\t<div class=\"elementor-element elementor-element-0a321f5 elementor-widget elementor-widget-heading\" data-id=\"0a321f5\" data-element_type=\"widget\" data-e-type=\"widget\" data-widget_type=\"heading.default\">\n\t\t\t\t<div class=\"elementor-widget-container\">\n\t\t\t\t\t<h1 class=\"elementor-heading-title elementor-size-default\">Contact<\/h1>\t\t\t\t<\/div>\n\t\t\t\t<\/div>\n\t\t\t\t\t<\/div>\n\t\t\t\t<\/div>\n\t\t<div class=\"elementor-element elementor-element-4f83285 e-flex e-con-boxed e-con e-parent\" data-id=\"4f83285\" data-element_type=\"container\" data-e-type=\"container\">\n\t\t\t\t\t<div class=\"e-con-inner\">\n\t\t\t\t<div class=\"elementor-element elementor-element-969f821 elementor-view-default elementor-position-block-start elementor-mobile-position-block-start elementor-widget elementor-widget-icon-box\" data-id=\"969f821\" data-element_type=\"widget\" data-e-type=\"widget\" data-widget_type=\"icon-box.default\">\n\t\t\t\t<div class=\"elementor-widget-container\">\n\t\t\t\t\t\t\t<div class=\"elementor-icon-box-wrapper\">\n\n\t\t\t\t\t\t<div class=\"elementor-icon-box-icon\">\n\t\t\t\t<span  class=\"elementor-icon\">\n\t\t\t\t<i aria-hidden=\"true\" class=\"fas fa-map-marker-alt\"><\/i>\t\t\t\t<\/span>\n\t\t\t<\/div>\n\t\t\t\n\t\t\t\t\t\t<div class=\"elementor-icon-box-content\">\n\n\t\t\t\t\n\t\t\t\t\t\t\t\t\t<p class=\"elementor-icon-box-description\">\n\t\t\t\t\t\t <strong>Address<br><\/strong>\n<a href=\"https:\/\/maps.app.goo.gl\/W3ttDZ4xGjxBHpHZA\">185, Boyer street<br>St-Isidore-de-Laprairie QC<br>J0L 2A0<\/a>\t\t\t\t\t<\/p>\n\t\t\t\t\n\t\t\t<\/div>\n\t\t\t\n\t\t<\/div>\n\t\t\t\t\t\t<\/div>\n\t\t\t\t<\/div>\n\t\t\t\t<div class=\"elementor-element elementor-element-e14dfae elementor-view-default elementor-position-block-start elementor-mobile-position-block-start elementor-widget elementor-widget-icon-box\" data-id=\"e14dfae\" data-element_type=\"widget\" data-e-type=\"widget\" data-widget_type=\"icon-box.default\">\n\t\t\t\t<div class=\"elementor-widget-container\">\n\t\t\t\t\t\t\t<div class=\"elementor-icon-box-wrapper\">\n\n\t\t\t\t\t\t<div class=\"elementor-icon-box-icon\">\n\t\t\t\t<span  class=\"elementor-icon\">\n\t\t\t\t<i aria-hidden=\"true\" class=\"far fa-envelope\"><\/i>\t\t\t\t<\/span>\n\t\t\t<\/div>\n\t\t\t\n\t\t\t\t\t\t<div class=\"elementor-icon-box-content\">\n\n\t\t\t\t\n\t\t\t\t\t\t\t\t\t<p class=\"elementor-icon-box-description\">\n\t\t\t\t\t\t<strong>Email <\/strong> <br><a href=\"mailto:info@unisoya.com\">info@unisoya.com<\/a>\t\t\t\t\t<\/p>\n\t\t\t\t\n\t\t\t<\/div>\n\t\t\t\n\t\t<\/div>\n\t\t\t\t\t\t<\/div>\n\t\t\t\t<\/div>\n\t\t\t\t<div class=\"elementor-element elementor-element-1c426b8 elementor-view-default elementor-position-block-start elementor-mobile-position-block-start elementor-widget elementor-widget-icon-box\" data-id=\"1c426b8\" data-element_type=\"widget\" data-e-type=\"widget\" data-widget_type=\"icon-box.default\">\n\t\t\t\t<div class=\"elementor-widget-container\">\n\t\t\t\t\t\t\t<div class=\"elementor-icon-box-wrapper\">\n\n\t\t\t\t\t\t<div class=\"elementor-icon-box-icon\">\n\t\t\t\t<span  class=\"elementor-icon\">\n\t\t\t\t<i aria-hidden=\"true\" class=\"fas fa-mobile-alt\"><\/i>\t\t\t\t<\/span>\n\t\t\t<\/div>\n\t\t\t\n\t\t\t\t\t\t<div class=\"elementor-icon-box-content\">\n\n\t\t\t\t\n\t\t\t\t\t\t\t\t\t<p class=\"elementor-icon-box-description\">\n\t\t\t\t\t\t<strong>Phone<\/strong><br><a href=\"tel:450-454-5123\">450 454-5123<\/a>\t\t\t\t\t<\/p>\n\t\t\t\t\n\t\t\t<\/div>\n\t\t\t\n\t\t<\/div>\n\t\t\t\t\t\t<\/div>\n\t\t\t\t<\/div>\n\t\t\t\t\t<\/div>\n\t\t\t\t<\/div>\n\t\t\t\t<section class=\"elementor-section elementor-top-section elementor-element elementor-element-aac235e elementor-section-boxed elementor-section-height-default elementor-section-height-default\" data-id=\"aac235e\" data-element_type=\"section\" data-e-type=\"section\" data-settings=\"{&quot;background_background&quot;:&quot;classic&quot;}\">\n\t\t\t\t\t\t<div class=\"elementor-container elementor-column-gap-default\">\n\t\t\t\t\t<div class=\"elementor-column elementor-col-100 elementor-top-column elementor-element elementor-element-c98873e\" data-id=\"c98873e\" data-element_type=\"column\" data-e-type=\"column\">\n\t\t\t<div class=\"elementor-widget-wrap elementor-element-populated\">\n\t\t\t\t\t\t<div class=\"elementor-element elementor-element-5d8d187 elementor-widget elementor-widget-heading\" data-id=\"5d8d187\" data-element_type=\"widget\" data-e-type=\"widget\" data-widget_type=\"heading.default\">\n\t\t\t\t<div class=\"elementor-widget-container\">\n\t\t\t\t\t<p class=\"elementor-heading-title elementor-size-default\">Contact us now<\/p>\t\t\t\t<\/div>\n\t\t\t\t<\/div>\n\t\t\t\t<div class=\"elementor-element elementor-element-b2ed2af elementor-widget elementor-widget-spacer\" data-id=\"b2ed2af\" data-element_type=\"widget\" data-e-type=\"widget\" data-widget_type=\"spacer.default\">\n\t\t\t\t<div class=\"elementor-widget-container\">\n\t\t\t\t\t\t\t<div class=\"elementor-spacer\">\n\t\t\t<div class=\"elementor-spacer-inner\"><\/div>\n\t\t<\/div>\n\t\t\t\t\t\t<\/div>\n\t\t\t\t<\/div>\n\t\t\t\t<div class=\"elementor-element elementor-element-aaf34c6 elementor-widget elementor-widget-heading\" data-id=\"aaf34c6\" data-element_type=\"widget\" data-e-type=\"widget\" data-widget_type=\"heading.default\">\n\t\t\t\t<div class=\"elementor-widget-container\">\n\t\t\t\t\t<h2 class=\"elementor-heading-title elementor-size-default\">Contact form<\/h2>\t\t\t\t<\/div>\n\t\t\t\t<\/div>\n\t\t\t\t<div class=\"elementor-element elementor-element-90121bf elementor-widget elementor-widget-spacer\" data-id=\"90121bf\" data-element_type=\"widget\" data-e-type=\"widget\" data-widget_type=\"spacer.default\">\n\t\t\t\t<div class=\"elementor-widget-container\">\n\t\t\t\t\t\t\t<div class=\"elementor-spacer\">\n\t\t\t<div class=\"elementor-spacer-inner\"><\/div>\n\t\t<\/div>\n\t\t\t\t\t\t<\/div>\n\t\t\t\t<\/div>\n\t\t\t\t<div class=\"elementor-element elementor-element-8b49cf1 elementor-widget elementor-widget-formidable\" data-id=\"8b49cf1\" data-element_type=\"widget\" data-e-type=\"widget\" data-widget_type=\"formidable.default\">\n\t\t\t\t<div class=\"elementor-widget-container\">\n\t\t\t\t\t<div class=\"frm_forms  with_frm_style frm_style_sleek-smooth-style\" id=\"frm_form_5_container\" data-token=\"07c3cdecfa96087bebd6a7996b64c65d\">\n<form enctype=\"multipart\/form-data\" method=\"post\" class=\"frm-show-form  frm_pro_form \" id=\"form_beovo3\" data-token=\"07c3cdecfa96087bebd6a7996b64c65d\">\n<div class=\"frm_form_fields \">\n<fieldset>\n<legend class=\"frm_screen_reader\">Contact<\/legend>\r\n\r\n<div class=\"frm_fields_container\">\n<input type=\"hidden\" name=\"frm_action\" value=\"create\" \/>\n<input type=\"hidden\" name=\"form_id\" value=\"5\" \/>\n<input type=\"hidden\" name=\"frm_hide_fields_5\" id=\"frm_hide_fields_5\" value=\"\" \/>\n<input type=\"hidden\" name=\"form_key\" value=\"beovo3\" \/>\n<input type=\"hidden\" name=\"item_meta[0]\" value=\"\" \/>\n<input type=\"hidden\" id=\"frm_submit_entry_5\" name=\"frm_submit_entry_5\" value=\"0c09a3c978\" \/><input type=\"hidden\" name=\"_wp_http_referer\" value=\"\/en\/wp-json\/wp\/v2\/pages\/1473\" \/><div id=\"frm_field_26_container\" class=\"frm_form_field form-field  frm_required_field frm_top_container frm12 frm_first\">\r\n\t<label for=\"field_pwah3\" id=\"field_pwah3_label\" class=\"frm_primary_label\">Name\r\n\t\t<span class=\"frm_required\" aria-hidden=\"true\">*<\/span>\r\n\t<\/label>\r\n\t<input  type=\"text\" id=\"field_pwah3\" name=\"item_meta[26]\" value=\"\"  data-reqmsg=\"cannot be blank\" aria-required=\"true\" data-invmsg=\"Name is invalid\" aria-invalid=\"false\"   \/>\r\n\t\r\n\t\r\n<\/div>\n<div id=\"frm_field_27_container\" class=\"frm_form_field form-field  frm_required_field frm_top_container frm12 frm_first\">\r\n\t<label for=\"field_qevgt3\" id=\"field_qevgt3_label\" class=\"frm_primary_label\">Email\r\n\t\t<span class=\"frm_required\" aria-hidden=\"true\">*<\/span>\r\n\t<\/label>\r\n\t<input type=\"email\" id=\"field_qevgt3\" name=\"item_meta[27]\" value=\"\"  autocomplete=\"email\"  data-reqmsg=\"cannot be blank\" aria-required=\"true\" data-invmsg=\"is invalid\" aria-invalid=\"false\"  \/>\r\n\t\r\n\t\r\n<\/div>\n<div id=\"frm_field_31_container\" class=\"frm_form_field form-field  frm_required_field frm_top_container\">\r\n\t<label for=\"field_i1fao3\" id=\"field_i1fao3_label\" class=\"frm_primary_label\">Message\r\n\t\t<span class=\"frm_required\" aria-hidden=\"true\">*<\/span>\r\n\t<\/label>\r\n\t<textarea name=\"item_meta[31]\" id=\"field_i1fao3\" rows=\"5\"  data-reqmsg=\"cannot be blank\" aria-required=\"true\" data-invmsg=\"is invalid\" aria-invalid=\"false\"  ><\/textarea>\r\n\t\r\n\t\r\n<\/div>\n<div id=\"frm_field_33_container\" class=\"frm_form_field form-field  frm_required_field frm_top_container vertical_radio\">\r\n\t<div  id=\"field_hxi7j_label\" class=\"frm_primary_label\">Consentement\r\n\t\t<span class=\"frm_required\" aria-hidden=\"true\">*<\/span>\r\n\t<\/div>\r\n\t<div class=\"frm_opt_container\" aria-labelledby=\"field_hxi7j_label\" role=\"group\">\t\t<div class=\"frm_checkbox\" id=\"frm_checkbox_33-0\">\t\t\t<label  for=\"field_hxi7j-0\">\n\t\t\t<input type=\"checkbox\" name=\"item_meta[33][]\" id=\"field_hxi7j-0\" value=\"J\u2019accepte la politique de confidentialit\u00e9.\"  data-reqmsg=\"cannot be blank\" data-invmsg=\"is invalid\"   aria-required=\"true\"  \/> I accept the privacy policy.<\/label><\/div>\n<\/div>\r\n\t<div class=\"frm_description\" id=\"frm_desc_field_hxi7j\">I authorize Unisoya to use the data provided in this form for the purposes stipulated in the <a href=\"\/en\/privacy-policy\/\" title=\"Privacy Policy\">Privacy Policy.<\/a><\/div>\r\n\t\r\n<\/div>\n<div id=\"frm_field_32_container\" class=\"frm_form_field form-field \">\r\n\t<div class=\"frm_submit frm_flex\">\r\n<button class=\"frm_button_submit frm_final_submit\" type=\"submit\"   formnovalidate=\"formnovalidate\">Submit<\/button>\r\n\r\n\r\n\r\n<\/div>\r\n<\/div>\n\t<input type=\"hidden\" name=\"item_key\" value=\"\" \/>\n\t\t\t<div id=\"frm_field_82_container\">\n\t\t\t<label for=\"field_gkea0\" >\n\t\t\t\tIf you are human, leave this field blank.\t\t\t<\/label>\n\t\t\t<input  id=\"field_gkea0\" type=\"text\" class=\"frm_form_field form-field frm_verify\" name=\"item_meta[82]\" value=\"\"  \/>\n\t\t<\/div>\n\t\t<input name=\"frm_state\" type=\"hidden\" value=\"eHuN87bivOGURzwNp8OqR663CchsLf0bw6+DifiOhaW8TY62PTUWVl8RimiCOf5c\" \/><\/div>\n<\/fieldset>\n<\/div>\n\n<\/form>\n<\/div>\n\t\t\t\t<\/div>\n\t\t\t\t<\/div>\n\t\t\t\t\t<\/div>\n\t\t<\/div>\n\t\t\t\t\t<\/div>\n\t\t<\/section>\n\t\t\t\t<section class=\"elementor-section elementor-top-section elementor-element elementor-element-dec69a4 elementor-section-stretched elementor-section-full_width elementor-section-height-default elementor-section-height-default\" data-id=\"dec69a4\" data-element_type=\"section\" data-e-type=\"section\" data-settings=\"{&quot;stretch_section&quot;:&quot;section-stretched&quot;}\">\n\t\t\t\t\t\t<div class=\"elementor-container elementor-column-gap-no\">\n\t\t\t\t\t<div class=\"elementor-column elementor-col-100 elementor-top-column elementor-element elementor-element-addf3ff\" data-id=\"addf3ff\" data-element_type=\"column\" data-e-type=\"column\">\n\t\t\t<div class=\"elementor-widget-wrap elementor-element-populated\">\n\t\t\t\t\t\t<div class=\"elementor-element elementor-element-b943653 elementor-widget elementor-widget-google_maps\" data-id=\"b943653\" data-element_type=\"widget\" data-e-type=\"widget\" data-widget_type=\"google_maps.default\">\n\t\t\t\t<div class=\"elementor-widget-container\">\n\t\t\t\t\t\t\t<div class=\"elementor-custom-embed\">\n\t\t\t<iframe loading=\"lazy\"\n\t\t\t\t\tsrc=\"https:\/\/maps.google.com\/maps?q=St-Isidore-de-Laprairie%20QC&#038;t=m&#038;z=10&#038;output=embed&#038;iwloc=near\"\n\t\t\t\t\ttitle=\"St-Isidore-de-Laprairie QC\"\n\t\t\t\t\taria-label=\"St-Isidore-de-Laprairie QC\"\n\t\t\t><\/iframe>\n\t\t<\/div>\n\t\t\t\t\t\t<\/div>\n\t\t\t\t<\/div>\n\t\t\t\t\t<\/div>\n\t\t<\/div>\n\t\t\t\t\t<\/div>\n\t\t<\/section>\n\t\t\t\t<\/div>\n\t\t","protected":false},"excerpt":{"rendered":"<p>Address 185, Boyer streetSt-Isidore-de-Laprairie QCJ0L 2A0 Email info@unisoya.com Phone450 454-5123 Contact us now Contact form Contact Nom * Courriel * Message * Consentement * J\u2019accepte la politique de confidentialit\u00e9. J\u2019autorise Unisoya \u00e0 utiliser les donn\u00e9es fournies dans ce formulaire aux fins stipul\u00e9s dans la Politique de confidentialit\u00e9. Envoyer If you are human, leave this field [&hellip;]<\/p>\n","protected":false},"author":7,"featured_media":0,"parent":0,"menu_order":0,"comment_status":"closed","ping_status":"closed","template":"","meta":{"_acf_changed":false,"footnotes":""},"class_list":["post-1473","page","type-page","status-publish","hentry"],"acf":[],"yoast_head":"<!-- This site is optimized with the Yoast SEO plugin v27.2 - https:\/\/yoast.com\/product\/yoast-seo-wordpress\/ -->\n<title>Contact - Unisoya<\/title>\n<meta name=\"robots\" content=\"index, follow, max-snippet:-1, max-image-preview:large, max-video-preview:-1\" \/>\n<link rel=\"canonical\" href=\"https:\/\/unisoya.com\/en\/contact-us\/\" \/>\n<meta property=\"og:locale\" content=\"en_US\" \/>\n<meta property=\"og:type\" content=\"article\" \/>\n<meta property=\"og:title\" content=\"Contact - Unisoya\" \/>\n<meta property=\"og:description\" content=\"Address 185, Boyer streetSt-Isidore-de-Laprairie QCJ0L 2A0 Email info@unisoya.com Phone450 454-5123 Contact us now Contact form Contact Nom * Courriel * Message * Consentement * J\u2019accepte la politique de confidentialit\u00e9. J\u2019autorise Unisoya \u00e0 utiliser les donn\u00e9es fournies dans ce formulaire aux fins stipul\u00e9s dans la Politique de confidentialit\u00e9. Envoyer If you are human, leave this field [&hellip;]\" \/>\n<meta property=\"og:url\" content=\"https:\/\/unisoya.com\/en\/contact-us\/\" \/>\n<meta property=\"og:site_name\" content=\"Unisoya\" \/>\n<meta property=\"article:modified_time\" content=\"2026-03-02T18:40:15+00:00\" \/>\n<meta name=\"twitter:card\" content=\"summary_large_image\" \/>\n<script type=\"application\/ld+json\" class=\"yoast-schema-graph\">{\"@context\":\"https:\/\/schema.org\",\"@graph\":[{\"@type\":\"WebPage\",\"@id\":\"https:\/\/unisoya.com\/en\/contact-us\/\",\"url\":\"https:\/\/unisoya.com\/en\/contact-us\/\",\"name\":\"Contact - Unisoya\",\"isPartOf\":{\"@id\":\"https:\/\/unisoya.com\/en\/#website\"},\"datePublished\":\"2018-12-05T15:12:24+00:00\",\"dateModified\":\"2026-03-02T18:40:15+00:00\",\"breadcrumb\":{\"@id\":\"https:\/\/unisoya.com\/en\/contact-us\/#breadcrumb\"},\"inLanguage\":\"en-US\",\"potentialAction\":[{\"@type\":\"ReadAction\",\"target\":[\"https:\/\/unisoya.com\/en\/contact-us\/\"]}]},{\"@type\":\"BreadcrumbList\",\"@id\":\"https:\/\/unisoya.com\/en\/contact-us\/#breadcrumb\",\"itemListElement\":[{\"@type\":\"ListItem\",\"position\":1,\"name\":\"Home\",\"item\":\"https:\/\/unisoya.com\/en\/home-2\/\"},{\"@type\":\"ListItem\",\"position\":2,\"name\":\"Contact\"}]},{\"@type\":\"WebSite\",\"@id\":\"https:\/\/unisoya.com\/en\/#website\",\"url\":\"https:\/\/unisoya.com\/en\/\",\"name\":\"Unisoya\",\"description\":\"Unis pour le tofu du Qu\u00e9bec\",\"publisher\":{\"@id\":\"https:\/\/unisoya.com\/en\/#organization\"},\"potentialAction\":[{\"@type\":\"SearchAction\",\"target\":{\"@type\":\"EntryPoint\",\"urlTemplate\":\"https:\/\/unisoya.com\/en\/?s={search_term_string}\"},\"query-input\":{\"@type\":\"PropertyValueSpecification\",\"valueRequired\":true,\"valueName\":\"search_term_string\"}}],\"inLanguage\":\"en-US\"},{\"@type\":\"Organization\",\"@id\":\"https:\/\/unisoya.com\/en\/#organization\",\"name\":\"Unisoya\",\"url\":\"https:\/\/unisoya.com\/en\/\",\"logo\":{\"@type\":\"ImageObject\",\"inLanguage\":\"en-US\",\"@id\":\"https:\/\/unisoya.com\/en\/#\/schema\/logo\/image\/\",\"url\":\"https:\/\/unisoya.com\/wp-content\/uploads\/2020\/06\/UNISOYA_RGB_Principal_Couleur-scaled.png\",\"contentUrl\":\"https:\/\/unisoya.com\/wp-content\/uploads\/2020\/06\/UNISOYA_RGB_Principal_Couleur-scaled.png\",\"width\":2560,\"height\":1192,\"caption\":\"Unisoya\"},\"image\":{\"@id\":\"https:\/\/unisoya.com\/en\/#\/schema\/logo\/image\/\"}}]}<\/script>\n<!-- \/ Yoast SEO plugin. -->","yoast_head_json":{"title":"Contact - Unisoya","robots":{"index":"index","follow":"follow","max-snippet":"max-snippet:-1","max-image-preview":"max-image-preview:large","max-video-preview":"max-video-preview:-1"},"canonical":"https:\/\/unisoya.com\/en\/contact-us\/","og_locale":"en_US","og_type":"article","og_title":"Contact - Unisoya","og_description":"Address 185, Boyer streetSt-Isidore-de-Laprairie QCJ0L 2A0 Email info@unisoya.com Phone450 454-5123 Contact us now Contact form Contact Nom * Courriel * Message * Consentement * J\u2019accepte la politique de confidentialit\u00e9. J\u2019autorise Unisoya \u00e0 utiliser les donn\u00e9es fournies dans ce formulaire aux fins stipul\u00e9s dans la Politique de confidentialit\u00e9. Envoyer If you are human, leave this field [&hellip;]","og_url":"https:\/\/unisoya.com\/en\/contact-us\/","og_site_name":"Unisoya","article_modified_time":"2026-03-02T18:40:15+00:00","twitter_card":"summary_large_image","schema":{"@context":"https:\/\/schema.org","@graph":[{"@type":"WebPage","@id":"https:\/\/unisoya.com\/en\/contact-us\/","url":"https:\/\/unisoya.com\/en\/contact-us\/","name":"Contact - Unisoya","isPartOf":{"@id":"https:\/\/unisoya.com\/en\/#website"},"datePublished":"2018-12-05T15:12:24+00:00","dateModified":"2026-03-02T18:40:15+00:00","breadcrumb":{"@id":"https:\/\/unisoya.com\/en\/contact-us\/#breadcrumb"},"inLanguage":"en-US","potentialAction":[{"@type":"ReadAction","target":["https:\/\/unisoya.com\/en\/contact-us\/"]}]},{"@type":"BreadcrumbList","@id":"https:\/\/unisoya.com\/en\/contact-us\/#breadcrumb","itemListElement":[{"@type":"ListItem","position":1,"name":"Home","item":"https:\/\/unisoya.com\/en\/home-2\/"},{"@type":"ListItem","position":2,"name":"Contact"}]},{"@type":"WebSite","@id":"https:\/\/unisoya.com\/en\/#website","url":"https:\/\/unisoya.com\/en\/","name":"Unisoya","description":"Unis pour le tofu du Qu\u00e9bec","publisher":{"@id":"https:\/\/unisoya.com\/en\/#organization"},"potentialAction":[{"@type":"SearchAction","target":{"@type":"EntryPoint","urlTemplate":"https:\/\/unisoya.com\/en\/?s={search_term_string}"},"query-input":{"@type":"PropertyValueSpecification","valueRequired":true,"valueName":"search_term_string"}}],"inLanguage":"en-US"},{"@type":"Organization","@id":"https:\/\/unisoya.com\/en\/#organization","name":"Unisoya","url":"https:\/\/unisoya.com\/en\/","logo":{"@type":"ImageObject","inLanguage":"en-US","@id":"https:\/\/unisoya.com\/en\/#\/schema\/logo\/image\/","url":"https:\/\/unisoya.com\/wp-content\/uploads\/2020\/06\/UNISOYA_RGB_Principal_Couleur-scaled.png","contentUrl":"https:\/\/unisoya.com\/wp-content\/uploads\/2020\/06\/UNISOYA_RGB_Principal_Couleur-scaled.png","width":2560,"height":1192,"caption":"Unisoya"},"image":{"@id":"https:\/\/unisoya.com\/en\/#\/schema\/logo\/image\/"}}]}},"_links":{"self":[{"href":"https:\/\/unisoya.com\/en\/wp-json\/wp\/v2\/pages\/1473","targetHints":{"allow":["GET"]}}],"collection":[{"href":"https:\/\/unisoya.com\/en\/wp-json\/wp\/v2\/pages"}],"about":[{"href":"https:\/\/unisoya.com\/en\/wp-json\/wp\/v2\/types\/page"}],"author":[{"embeddable":true,"href":"https:\/\/unisoya.com\/en\/wp-json\/wp\/v2\/users\/7"}],"replies":[{"embeddable":true,"href":"https:\/\/unisoya.com\/en\/wp-json\/wp\/v2\/comments?post=1473"}],"version-history":[{"count":0,"href":"https:\/\/unisoya.com\/en\/wp-json\/wp\/v2\/pages\/1473\/revisions"}],"wp:attachment":[{"href":"https:\/\/unisoya.com\/en\/wp-json\/wp\/v2\/media?parent=1473"}],"curies":[{"name":"wp","href":"https:\/\/api.w.org\/{rel}","templated":true}]}}