{"id":1475,"date":"2019-07-17T14:03:53","date_gmt":"2019-07-17T18:03:53","guid":{"rendered":"http:\/\/66.70.176.40\/~unisoya26\/emplois\/"},"modified":"2026-02-18T12:56:44","modified_gmt":"2026-02-18T17:56:44","slug":"jobs","status":"publish","type":"page","link":"https:\/\/unisoya.com\/en\/jobs\/","title":{"rendered":"Jobs"},"content":{"rendered":"\t\t<div data-elementor-type=\"wp-post\" data-elementor-id=\"1475\" class=\"elementor elementor-1475 elementor-506\" data-elementor-post-type=\"page\">\n\t\t\t\t\t\t<section class=\"elementor-section elementor-top-section elementor-element elementor-element-24d6ec3 elementor-section-boxed elementor-section-height-default elementor-section-height-default\" data-id=\"24d6ec3\" data-element_type=\"section\" data-e-type=\"section\">\n\t\t\t\t\t\t<div class=\"elementor-container elementor-column-gap-extended\">\n\t\t\t\t\t<div class=\"elementor-column elementor-col-100 elementor-top-column elementor-element elementor-element-49b4c7e\" data-id=\"49b4c7e\" data-element_type=\"column\" data-e-type=\"column\">\n\t\t\t<div class=\"elementor-widget-wrap elementor-element-populated\">\n\t\t\t\t\t\t<section class=\"elementor-section elementor-inner-section elementor-element elementor-element-41eba4c elementor-section-boxed elementor-section-height-default elementor-section-height-default\" data-id=\"41eba4c\" data-element_type=\"section\" data-e-type=\"section\">\n\t\t\t\t\t\t<div class=\"elementor-container elementor-column-gap-no\">\n\t\t\t\t\t<div class=\"elementor-column elementor-col-100 elementor-inner-column elementor-element elementor-element-ee1f4c6\" data-id=\"ee1f4c6\" data-element_type=\"column\" data-e-type=\"column\">\n\t\t\t<div class=\"elementor-widget-wrap elementor-element-populated\">\n\t\t\t\t\t\t<div class=\"elementor-element elementor-element-899f05e elementor-widget elementor-widget-heading\" data-id=\"899f05e\" data-element_type=\"widget\" data-e-type=\"widget\" data-widget_type=\"heading.default\">\n\t\t\t\t<div class=\"elementor-widget-container\">\n\t\t\t\t\t<p class=\"elementor-heading-title elementor-size-default\">Jobs<\/p>\t\t\t\t<\/div>\n\t\t\t\t<\/div>\n\t\t\t\t<div class=\"elementor-element elementor-element-8b054f7 elementor-widget elementor-widget-spacer\" data-id=\"8b054f7\" data-element_type=\"widget\" data-e-type=\"widget\" data-widget_type=\"spacer.default\">\n\t\t\t\t<div class=\"elementor-widget-container\">\n\t\t\t\t\t\t\t<div class=\"elementor-spacer\">\n\t\t\t<div class=\"elementor-spacer-inner\"><\/div>\n\t\t<\/div>\n\t\t\t\t\t\t<\/div>\n\t\t\t\t<\/div>\n\t\t\t\t<div class=\"elementor-element elementor-element-3569fbb elementor-widget elementor-widget-heading\" data-id=\"3569fbb\" data-element_type=\"widget\" data-e-type=\"widget\" data-widget_type=\"heading.default\">\n\t\t\t\t<div class=\"elementor-widget-container\">\n\t\t\t\t\t<h2 class=\"elementor-heading-title elementor-size-default\">Submit your application<\/h2>\t\t\t\t<\/div>\n\t\t\t\t<\/div>\n\t\t\t\t<div class=\"elementor-element elementor-element-69c0fcd elementor-widget elementor-widget-spacer\" data-id=\"69c0fcd\" data-element_type=\"widget\" data-e-type=\"widget\" data-widget_type=\"spacer.default\">\n\t\t\t\t<div class=\"elementor-widget-container\">\n\t\t\t\t\t\t\t<div class=\"elementor-spacer\">\n\t\t\t<div class=\"elementor-spacer-inner\"><\/div>\n\t\t<\/div>\n\t\t\t\t\t\t<\/div>\n\t\t\t\t<\/div>\n\t\t\t\t\t<\/div>\n\t\t<\/div>\n\t\t\t\t\t<\/div>\n\t\t<\/section>\n\t\t\t\t\t<\/div>\n\t\t<\/div>\n\t\t\t\t\t<\/div>\n\t\t<\/section>\n\t\t<div class=\"elementor-element elementor-element-4dba0e1 e-flex e-con-boxed e-con e-parent\" data-id=\"4dba0e1\" data-element_type=\"container\" data-e-type=\"container\">\n\t\t\t\t\t<div class=\"e-con-inner\">\n\t\t<div class=\"elementor-element elementor-element-0a99b3a e-con-full e-flex e-con e-child\" data-id=\"0a99b3a\" data-element_type=\"container\" data-e-type=\"container\">\n\t\t\t\t<div class=\"elementor-element elementor-element-2e8718a elementor-widget elementor-widget-formidable\" data-id=\"2e8718a\" data-element_type=\"widget\" data-e-type=\"widget\" data-widget_type=\"formidable.default\">\n\t\t\t\t<div class=\"elementor-widget-container\">\n\t\t\t\t\t<div class=\"frm_forms  with_frm_style frm_style_sleek-smooth-style\" id=\"frm_form_2_container\" data-token=\"8644d27407d5b99bd1a06b72f5cef78c\">\n<form enctype=\"multipart\/form-data\" method=\"post\" class=\"frm-show-form  frm_pro_form \" id=\"form_beovo\" data-token=\"8644d27407d5b99bd1a06b72f5cef78c\">\n<div class=\"frm_form_fields \">\n<fieldset>\n<legend class=\"frm_screen_reader\">Job<\/legend>\r\n\r\n<div class=\"frm_fields_container\">\n<input type=\"hidden\" name=\"frm_action\" value=\"create\" \/>\n<input type=\"hidden\" name=\"form_id\" value=\"2\" \/>\n<input type=\"hidden\" name=\"frm_hide_fields_2\" id=\"frm_hide_fields_2\" value=\"\" \/>\n<input type=\"hidden\" name=\"form_key\" value=\"beovo\" \/>\n<input type=\"hidden\" name=\"item_meta[0]\" value=\"\" \/>\n<input type=\"hidden\" id=\"frm_submit_entry_2\" name=\"frm_submit_entry_2\" value=\"47df006b18\" \/><input type=\"hidden\" name=\"_wp_http_referer\" value=\"\/en\/wp-json\/wp\/v2\/pages\/1475\" \/><div id=\"frm_field_8_container\" class=\"frm_form_field form-field  frm_required_field frm_top_container frm6 frm_first\">\r\n\t<label for=\"field_pwah2\" id=\"field_pwah2_label\" class=\"frm_primary_label\">Name\r\n\t\t<span class=\"frm_required\" aria-hidden=\"true\">*<\/span>\r\n\t<\/label>\r\n\t<input  type=\"text\" id=\"field_pwah2\" name=\"item_meta[8]\" value=\"\"  data-reqmsg=\"Name cannot be blank.\" aria-required=\"true\" data-invmsg=\"\t Email   Complete Name n&#039;est pas valide\" aria-invalid=\"false\"   \/>\r\n\t\r\n\t\r\n<\/div>\n<div id=\"frm_field_9_container\" class=\"frm_form_field form-field  frm_required_field frm_top_container frm6\">\r\n\t<label for=\"field_qevgt\" id=\"field_qevgt_label\" class=\"frm_primary_label\">Email\r\n\t\t<span class=\"frm_required\" aria-hidden=\"true\">*<\/span>\r\n\t<\/label>\r\n\t<input type=\"email\" id=\"field_qevgt\" name=\"item_meta[9]\" value=\"\"  autocomplete=\"email\"  data-reqmsg=\"cannot be blank\" aria-required=\"true\" data-invmsg=\"is invalid\" aria-invalid=\"false\"  \/>\r\n\t\r\n\t\r\n<\/div>\n<div id=\"frm_field_10_container\" class=\"frm_form_field form-field  frm_required_field frm_top_container frm6 frm_first\">\r\n\t<label for=\"field_w40p6\" id=\"field_w40p6_label\" class=\"frm_primary_label\">Phone\r\n\t\t<span class=\"frm_required\" aria-hidden=\"true\">*<\/span>\r\n\t<\/label>\r\n\t<input type=\"tel\" id=\"field_w40p6\" name=\"item_meta[10]\" value=\"\"  data-reqmsg=\"cannot be blank\" aria-required=\"true\" data-invmsg=\"is invalid\" aria-invalid=\"false\" pattern=\"((\\+\\d{1,3}(-|.| )?\\(?\\d\\)?(-| |.)?\\d{1,5})|(\\(?\\d{2,6}\\)?))(-|.| )?(\\d{3,4})(-|.| )?(\\d{4})(( x| ext)\\d{1,5}){0,1}$\"  \/>\r\n\t\r\n\t\r\n<\/div>\n<div id=\"frm_field_13_container\" class=\"frm_form_field form-field  frm_top_container frm6 frm_dynamic_select_container\">\r\n\t<label for=\"field_fj4r8\" id=\"field_fj4r8_label\" class=\"frm_primary_label\">Coveted position\r\n\t\t<span class=\"frm_required\" aria-hidden=\"true\"><\/span>\r\n\t<\/label>\r\n\t<div class=\"frm_data_container\" aria-labelledby=\"field_fj4r8_label\" role=\"group\"><select name=\"item_meta[13]\" id=\"field_fj4r8\"  data-invmsg=\"Coveted position is invalid\" aria-invalid=\"false\"  >\n<option  value=\"\">No jobs available at the moment<\/option><\/select>\n<\/div>\r\n\t\r\n\t\r\n<\/div>\n<div id=\"frm_field_11_container\" class=\"frm_form_field form-field  frm_required_field frm_top_container\">\r\n\t<label for=\"field_jneb2\" id=\"field_jneb2_label\" class=\"frm_primary_label\">Curriculum vitae\r\n\t\t<span class=\"frm_required\" aria-hidden=\"true\">*<\/span>\r\n\t<\/label>\r\n\t<input type=\"hidden\"  data-reqmsg=\"Curriculum vitae cannot be blank\" data-invmsg=\"is invalid\" aria-invalid=\"false\"   name=\"item_meta[11][]\"  data-reqmsg=\"Curriculum vitae cannot be blank\"  value=\"\" data-frmfile=\"11\" \/>\n\n<div class=\"frm_dropzone frm_multi_upload frm_clearfix\" id=\"file11_dropzone\" role=\"group\" >\n\t<div class=\"fallback\">\n\t\t<input type=\"file\" name=\"file11[]\" id=\"field_jneb2\"\n\t\t\t data-frmfile=\"11\" multiple=\"multiple\"  data-reqmsg=\"Curriculum vitae cannot be blank\" data-invmsg=\"is invalid\" aria-invalid=\"false\"  \t\t\t\/>\n\t\t\t\t<div class=\"frm_clearfix \"><\/div>\n\t<\/div>\n\t<div class=\"dz-message needsclick\">\n\t\t\t\t<svg  viewBox=\"0 0 18 18\" class=\"frmsvg frm-svg-icon\">\n\t<path viewBox=\"0 0 18 18\" fill-rule=\"evenodd\" clip-rule=\"evenodd\" d=\"M8.2 4v8a.8.8 0 001.5 0V4l2.1 2.2A.7.7 0 1013 5L9.5 1.7a.7.7 0 00-1.1 0L5.1 5.2a.8.8 0 001 1l2.1-2zm7.6 4.3c.4 0 .7.3.7.7v6.8c0 .4-.3.7-.8.7H2.3a.8.8 0 01-.8-.8V9A.8.8 0 013 9v6h12V9c0-.4.3-.8.8-.8z\"><\/path>\n<\/svg>\t\t<span class=\"frm_upload_text\"><button type=\"button\" aria-label=\"Curriculum vitae. Drop a file here or click to upload. Maximum file size: 52.43MB\">Drop a file here or click to upload<\/button><\/span>\n\t\t<span class=\"frm_compact_text\"><button type=\"button\" aria-label=\"Curriculum vitae. Choose a file. Maximum file size: 52.43MB\">Choose a file<\/button><\/span>\n\t\t<div class=\"frm_small_text\">\n\t\t\t<p>Maximum file size: 52.43MB<\/p>\n\t\t<\/div>\n\t<\/div>\n<\/div>\n\t\r\n\t\r\n\t\r\n<\/div>\n<div id=\"frm_field_12_container\" class=\"frm_form_field form-field  frm_top_container\">\r\n\t<label for=\"field_i1fao\" id=\"field_i1fao_label\" class=\"frm_primary_label\">Comments\r\n\t\t<span class=\"frm_required\" aria-hidden=\"true\"><\/span>\r\n\t<\/label>\r\n\t<textarea name=\"item_meta[12]\" id=\"field_i1fao\" rows=\"5\"  data-invmsg=\"Comments is invalid\" aria-invalid=\"false\"  ><\/textarea>\r\n\t\r\n\t\r\n<\/div>\n<div id=\"frm_field_34_container\" class=\"frm_form_field form-field  frm_required_field frm_top_container vertical_radio\">\r\n\t<div  id=\"field_q82hg_label\" class=\"frm_primary_label\">Consent\r\n\t\t<span class=\"frm_required\" aria-hidden=\"true\">*<\/span>\r\n\t<\/div>\r\n\t<div class=\"frm_opt_container\" aria-labelledby=\"field_q82hg_label\" role=\"group\">\t\t<div class=\"frm_checkbox\" id=\"frm_checkbox_34-0\">\t\t\t<label  for=\"field_q82hg-0\">\n\t\t\t<input type=\"checkbox\" name=\"item_meta[34][]\" id=\"field_q82hg-0\" value=\"J\u2019accepte la politique de confidentialit\u00e9.\"  data-reqmsg=\"cannot be blank\" data-invmsg=\"Consent is invalid\"   aria-required=\"true\"  \/> I accept the privacy policy.<\/label><\/div>\n<\/div>\r\n\t<div class=\"frm_description\" id=\"frm_desc_field_q82hg\">I authorize Unisoya to use the data provided in this form for the purposes stipulated in the <a href=\"https:\/\/unisoya.com\/en\/privacy-policy\/\" title=\"Privacy Policy\">Privacy Policy.<\/a><\/div>\r\n\t\r\n<\/div>\n<div id=\"frm_field_6_container\" class=\"frm_form_field form-field \">\r\n\t<div class=\"frm_submit frm_flex\">\r\n<button class=\"frm_button_submit frm_final_submit\" type=\"submit\"   formnovalidate=\"formnovalidate\">Submit<\/button>\r\n\r\n\r\n\r\n<\/div>\r\n<\/div>\n\t<input type=\"hidden\" name=\"item_key\" value=\"\" \/>\n\t\t\t<div id=\"frm_field_82_container\">\n\t\t\t<label for=\"field_2r505\" >\n\t\t\t\tIf you are human, leave this field blank.\t\t\t<\/label>\n\t\t\t<input  id=\"field_2r505\" type=\"text\" class=\"frm_form_field form-field frm_verify\" name=\"item_meta[82]\" value=\"\"  \/>\n\t\t<\/div>\n\t\t<input name=\"frm_state\" type=\"hidden\" value=\"eHuN87bivOGURzwNp8OqR5FuMeGaXXKStXK1K6SF3oG8TY62PTUWVl8RimiCOf5c\" \/><\/div>\n<\/fieldset>\n<\/div>\n\n<\/form>\n<\/div>\n\t\t\t\t<\/div>\n\t\t\t\t<\/div>\n\t\t\t\t<\/div>\n\t\t<div class=\"elementor-element elementor-element-0e8679a e-con-full e-flex e-con e-child\" data-id=\"0e8679a\" data-element_type=\"container\" data-e-type=\"container\" data-settings=\"{&quot;background_background&quot;:&quot;classic&quot;}\">\n\t\t\t\t<div class=\"elementor-element elementor-element-001ee21 elementor-widget elementor-widget-heading\" data-id=\"001ee21\" data-element_type=\"widget\" data-e-type=\"widget\" data-widget_type=\"heading.default\">\n\t\t\t\t<div class=\"elementor-widget-container\">\n\t\t\t\t\t<h3 class=\"elementor-heading-title elementor-size-default\">Available positions<\/h3>\t\t\t\t<\/div>\n\t\t\t\t<\/div>\n\t\t\t\t<div class=\"elementor-element elementor-element-b8ac314 elementor-grid-1 elementor-grid-tablet-2 elementor-grid-mobile-1 elementor-widget elementor-widget-loop-grid\" data-id=\"b8ac314\" data-element_type=\"widget\" data-e-type=\"widget\" data-settings=\"{&quot;template_id&quot;:3222,&quot;columns&quot;:1,&quot;row_gap&quot;:{&quot;unit&quot;:&quot;px&quot;,&quot;size&quot;:6,&quot;sizes&quot;:[]},&quot;_skin&quot;:&quot;post&quot;,&quot;columns_tablet&quot;:&quot;2&quot;,&quot;columns_mobile&quot;:&quot;1&quot;,&quot;edit_handle_selector&quot;:&quot;[data-elementor-type=\\&quot;loop-item\\&quot;]&quot;,&quot;row_gap_tablet&quot;:{&quot;unit&quot;:&quot;px&quot;,&quot;size&quot;:&quot;&quot;,&quot;sizes&quot;:[]},&quot;row_gap_mobile&quot;:{&quot;unit&quot;:&quot;px&quot;,&quot;size&quot;:&quot;&quot;,&quot;sizes&quot;:[]}}\" data-widget_type=\"loop-grid.post\">\n\t\t\t\t<div class=\"elementor-widget-container\">\n\t\t\t\t\t\t\t<div class=\"e-loop-nothing-found-message\">\n\t\t\t\t\t<div class=\"e-loop-nothing-found-message__text\">\n\t\t\t\tNo jobs available at the moment.\t\t\t<\/div>\n\t\t\t<\/div>\n\t\t\t\t\t\t<\/div>\n\t\t\t\t<\/div>\n\t\t\t\t<\/div>\n\t\t\t\t\t<\/div>\n\t\t\t\t<\/div>\n\t\t\t\t<section class=\"elementor-section elementor-top-section elementor-element elementor-element-19d000b elementor-section-stretched elementor-section-full_width elementor-section-height-default elementor-section-height-default\" data-id=\"19d000b\" data-element_type=\"section\" data-e-type=\"section\" data-settings=\"{&quot;stretch_section&quot;:&quot;section-stretched&quot;}\">\n\t\t\t\t\t\t<div class=\"elementor-container elementor-column-gap-no\">\n\t\t\t\t\t<div class=\"elementor-column elementor-col-100 elementor-top-column elementor-element elementor-element-a7b1363\" data-id=\"a7b1363\" data-element_type=\"column\" data-e-type=\"column\">\n\t\t\t<div class=\"elementor-widget-wrap elementor-element-populated\">\n\t\t\t\t\t\t<div class=\"elementor-element elementor-element-ce0cf4c elementor-widget elementor-widget-image\" data-id=\"ce0cf4c\" data-element_type=\"widget\" data-e-type=\"widget\" data-widget_type=\"image.default\">\n\t\t\t\t<div class=\"elementor-widget-container\">\n\t\t\t\t\t\t\t\t\t\t\t\t\t\t\t<img fetchpriority=\"high\" decoding=\"async\" width=\"1920\" height=\"900\" src=\"https:\/\/unisoya.com\/wp-content\/uploads\/2020\/03\/background-champs2.jpg\" class=\"attachment-full size-full wp-image-1456\" alt=\"\" srcset=\"https:\/\/unisoya.com\/wp-content\/uploads\/2020\/03\/background-champs2.jpg 1920w, https:\/\/unisoya.com\/wp-content\/uploads\/2020\/03\/background-champs2-300x141.jpg 300w, https:\/\/unisoya.com\/wp-content\/uploads\/2020\/03\/background-champs2-768x360.jpg 768w, https:\/\/unisoya.com\/wp-content\/uploads\/2020\/03\/background-champs2-1024x480.jpg 1024w, https:\/\/unisoya.com\/wp-content\/uploads\/2020\/03\/background-champs2-600x281.jpg 600w\" sizes=\"(max-width: 1920px) 100vw, 1920px\" \/>\t\t\t\t\t\t\t\t\t\t\t\t\t\t\t<\/div>\n\t\t\t\t<\/div>\n\t\t\t\t\t<\/div>\n\t\t<\/div>\n\t\t\t\t\t<\/div>\n\t\t<\/section>\n\t\t\t\t<\/div>\n\t\t","protected":false},"excerpt":{"rendered":"<p>Jobs Submit your application Emploi Nom * Courriel * T\u00e9l\u00e9phone * Dynamic Aucun emploi disponible pour le moment Curriculum vitae * D\u00e9poser un fichier ici ou cliquer pour t\u00e9l\u00e9charger Choisir un fichier Taille de fichier maximale\u00a0: 52.43MB Commentaires Envoyer If you are human, leave this field blank. Available positions<\/p>\n","protected":false},"author":7,"featured_media":0,"parent":0,"menu_order":0,"comment_status":"closed","ping_status":"closed","template":"","meta":{"_acf_changed":false,"footnotes":""},"class_list":["post-1475","page","type-page","status-publish","hentry"],"acf":[],"yoast_head":"<!-- This site is optimized with the Yoast SEO plugin v27.4 - https:\/\/yoast.com\/product\/yoast-seo-wordpress\/ -->\n<title>Jobs - Unisoya<\/title>\n<meta name=\"robots\" content=\"index, follow, max-snippet:-1, max-image-preview:large, max-video-preview:-1\" \/>\n<link rel=\"canonical\" href=\"https:\/\/unisoya.com\/en\/jobs\/\" \/>\n<meta property=\"og:locale\" content=\"en_US\" \/>\n<meta property=\"og:type\" content=\"article\" \/>\n<meta property=\"og:title\" content=\"Jobs - Unisoya\" \/>\n<meta property=\"og:description\" content=\"Jobs Submit your application Emploi Nom * Courriel * T\u00e9l\u00e9phone * Dynamic Aucun emploi disponible pour le moment Curriculum vitae * D\u00e9poser un fichier ici ou cliquer pour t\u00e9l\u00e9charger Choisir un fichier Taille de fichier maximale\u00a0: 52.43MB Commentaires Envoyer If you are human, leave this field blank. Available positions\" \/>\n<meta property=\"og:url\" content=\"https:\/\/unisoya.com\/en\/jobs\/\" \/>\n<meta property=\"og:site_name\" content=\"Unisoya\" \/>\n<meta property=\"article:modified_time\" content=\"2026-02-18T17:56:44+00:00\" \/>\n<meta property=\"og:image\" content=\"http:\/\/unisoya.com\/wp-content\/uploads\/2020\/03\/background-champs2.jpg\" \/>\n<meta name=\"twitter:card\" content=\"summary_large_image\" \/>\n<script type=\"application\/ld+json\" class=\"yoast-schema-graph\">{\"@context\":\"https:\\\/\\\/schema.org\",\"@graph\":[{\"@type\":\"WebPage\",\"@id\":\"https:\\\/\\\/unisoya.com\\\/en\\\/jobs\\\/\",\"url\":\"https:\\\/\\\/unisoya.com\\\/en\\\/jobs\\\/\",\"name\":\"Jobs - Unisoya\",\"isPartOf\":{\"@id\":\"https:\\\/\\\/unisoya.com\\\/en\\\/#website\"},\"primaryImageOfPage\":{\"@id\":\"https:\\\/\\\/unisoya.com\\\/en\\\/jobs\\\/#primaryimage\"},\"image\":{\"@id\":\"https:\\\/\\\/unisoya.com\\\/en\\\/jobs\\\/#primaryimage\"},\"thumbnailUrl\":\"http:\\\/\\\/unisoya.com\\\/wp-content\\\/uploads\\\/2020\\\/03\\\/background-champs2.jpg\",\"datePublished\":\"2019-07-17T18:03:53+00:00\",\"dateModified\":\"2026-02-18T17:56:44+00:00\",\"breadcrumb\":{\"@id\":\"https:\\\/\\\/unisoya.com\\\/en\\\/jobs\\\/#breadcrumb\"},\"inLanguage\":\"en-US\",\"potentialAction\":[{\"@type\":\"ReadAction\",\"target\":[\"https:\\\/\\\/unisoya.com\\\/en\\\/jobs\\\/\"]}]},{\"@type\":\"ImageObject\",\"inLanguage\":\"en-US\",\"@id\":\"https:\\\/\\\/unisoya.com\\\/en\\\/jobs\\\/#primaryimage\",\"url\":\"http:\\\/\\\/unisoya.com\\\/wp-content\\\/uploads\\\/2020\\\/03\\\/background-champs2.jpg\",\"contentUrl\":\"http:\\\/\\\/unisoya.com\\\/wp-content\\\/uploads\\\/2020\\\/03\\\/background-champs2.jpg\"},{\"@type\":\"BreadcrumbList\",\"@id\":\"https:\\\/\\\/unisoya.com\\\/en\\\/jobs\\\/#breadcrumb\",\"itemListElement\":[{\"@type\":\"ListItem\",\"position\":1,\"name\":\"Home\",\"item\":\"https:\\\/\\\/unisoya.com\\\/en\\\/home-2\\\/\"},{\"@type\":\"ListItem\",\"position\":2,\"name\":\"Jobs\"}]},{\"@type\":\"WebSite\",\"@id\":\"https:\\\/\\\/unisoya.com\\\/en\\\/#website\",\"url\":\"https:\\\/\\\/unisoya.com\\\/en\\\/\",\"name\":\"Unisoya\",\"description\":\"Unis pour le tofu du Qu\u00e9bec\",\"publisher\":{\"@id\":\"https:\\\/\\\/unisoya.com\\\/en\\\/#organization\"},\"potentialAction\":[{\"@type\":\"SearchAction\",\"target\":{\"@type\":\"EntryPoint\",\"urlTemplate\":\"https:\\\/\\\/unisoya.com\\\/en\\\/?s={search_term_string}\"},\"query-input\":{\"@type\":\"PropertyValueSpecification\",\"valueRequired\":true,\"valueName\":\"search_term_string\"}}],\"inLanguage\":\"en-US\"},{\"@type\":\"Organization\",\"@id\":\"https:\\\/\\\/unisoya.com\\\/en\\\/#organization\",\"name\":\"Unisoya\",\"url\":\"https:\\\/\\\/unisoya.com\\\/en\\\/\",\"logo\":{\"@type\":\"ImageObject\",\"inLanguage\":\"en-US\",\"@id\":\"https:\\\/\\\/unisoya.com\\\/en\\\/#\\\/schema\\\/logo\\\/image\\\/\",\"url\":\"http:\\\/\\\/unisoya.com\\\/wp-content\\\/uploads\\\/2020\\\/06\\\/UNISOYA_RGB_Principal_Couleur-scaled.png\",\"contentUrl\":\"http:\\\/\\\/unisoya.com\\\/wp-content\\\/uploads\\\/2020\\\/06\\\/UNISOYA_RGB_Principal_Couleur-scaled.png\",\"width\":2560,\"height\":1192,\"caption\":\"Unisoya\"},\"image\":{\"@id\":\"https:\\\/\\\/unisoya.com\\\/en\\\/#\\\/schema\\\/logo\\\/image\\\/\"}}]}<\/script>\n<!-- \/ Yoast SEO plugin. -->","yoast_head_json":{"title":"Jobs - Unisoya","robots":{"index":"index","follow":"follow","max-snippet":"max-snippet:-1","max-image-preview":"max-image-preview:large","max-video-preview":"max-video-preview:-1"},"canonical":"https:\/\/unisoya.com\/en\/jobs\/","og_locale":"en_US","og_type":"article","og_title":"Jobs - Unisoya","og_description":"Jobs Submit your application Emploi Nom * Courriel * T\u00e9l\u00e9phone * Dynamic Aucun emploi disponible pour le moment Curriculum vitae * D\u00e9poser un fichier ici ou cliquer pour t\u00e9l\u00e9charger Choisir un fichier Taille de fichier maximale\u00a0: 52.43MB Commentaires Envoyer If you are human, leave this field blank. Available positions","og_url":"https:\/\/unisoya.com\/en\/jobs\/","og_site_name":"Unisoya","article_modified_time":"2026-02-18T17:56:44+00:00","og_image":[{"url":"http:\/\/unisoya.com\/wp-content\/uploads\/2020\/03\/background-champs2.jpg","type":"","width":"","height":""}],"twitter_card":"summary_large_image","schema":{"@context":"https:\/\/schema.org","@graph":[{"@type":"WebPage","@id":"https:\/\/unisoya.com\/en\/jobs\/","url":"https:\/\/unisoya.com\/en\/jobs\/","name":"Jobs - Unisoya","isPartOf":{"@id":"https:\/\/unisoya.com\/en\/#website"},"primaryImageOfPage":{"@id":"https:\/\/unisoya.com\/en\/jobs\/#primaryimage"},"image":{"@id":"https:\/\/unisoya.com\/en\/jobs\/#primaryimage"},"thumbnailUrl":"http:\/\/unisoya.com\/wp-content\/uploads\/2020\/03\/background-champs2.jpg","datePublished":"2019-07-17T18:03:53+00:00","dateModified":"2026-02-18T17:56:44+00:00","breadcrumb":{"@id":"https:\/\/unisoya.com\/en\/jobs\/#breadcrumb"},"inLanguage":"en-US","potentialAction":[{"@type":"ReadAction","target":["https:\/\/unisoya.com\/en\/jobs\/"]}]},{"@type":"ImageObject","inLanguage":"en-US","@id":"https:\/\/unisoya.com\/en\/jobs\/#primaryimage","url":"http:\/\/unisoya.com\/wp-content\/uploads\/2020\/03\/background-champs2.jpg","contentUrl":"http:\/\/unisoya.com\/wp-content\/uploads\/2020\/03\/background-champs2.jpg"},{"@type":"BreadcrumbList","@id":"https:\/\/unisoya.com\/en\/jobs\/#breadcrumb","itemListElement":[{"@type":"ListItem","position":1,"name":"Home","item":"https:\/\/unisoya.com\/en\/home-2\/"},{"@type":"ListItem","position":2,"name":"Jobs"}]},{"@type":"WebSite","@id":"https:\/\/unisoya.com\/en\/#website","url":"https:\/\/unisoya.com\/en\/","name":"Unisoya","description":"Unis pour le tofu du Qu\u00e9bec","publisher":{"@id":"https:\/\/unisoya.com\/en\/#organization"},"potentialAction":[{"@type":"SearchAction","target":{"@type":"EntryPoint","urlTemplate":"https:\/\/unisoya.com\/en\/?s={search_term_string}"},"query-input":{"@type":"PropertyValueSpecification","valueRequired":true,"valueName":"search_term_string"}}],"inLanguage":"en-US"},{"@type":"Organization","@id":"https:\/\/unisoya.com\/en\/#organization","name":"Unisoya","url":"https:\/\/unisoya.com\/en\/","logo":{"@type":"ImageObject","inLanguage":"en-US","@id":"https:\/\/unisoya.com\/en\/#\/schema\/logo\/image\/","url":"http:\/\/unisoya.com\/wp-content\/uploads\/2020\/06\/UNISOYA_RGB_Principal_Couleur-scaled.png","contentUrl":"http:\/\/unisoya.com\/wp-content\/uploads\/2020\/06\/UNISOYA_RGB_Principal_Couleur-scaled.png","width":2560,"height":1192,"caption":"Unisoya"},"image":{"@id":"https:\/\/unisoya.com\/en\/#\/schema\/logo\/image\/"}}]}},"_links":{"self":[{"href":"https:\/\/unisoya.com\/en\/wp-json\/wp\/v2\/pages\/1475","targetHints":{"allow":["GET"]}}],"collection":[{"href":"https:\/\/unisoya.com\/en\/wp-json\/wp\/v2\/pages"}],"about":[{"href":"https:\/\/unisoya.com\/en\/wp-json\/wp\/v2\/types\/page"}],"author":[{"embeddable":true,"href":"https:\/\/unisoya.com\/en\/wp-json\/wp\/v2\/users\/7"}],"replies":[{"embeddable":true,"href":"https:\/\/unisoya.com\/en\/wp-json\/wp\/v2\/comments?post=1475"}],"version-history":[{"count":0,"href":"https:\/\/unisoya.com\/en\/wp-json\/wp\/v2\/pages\/1475\/revisions"}],"wp:attachment":[{"href":"https:\/\/unisoya.com\/en\/wp-json\/wp\/v2\/media?parent=1475"}],"curies":[{"name":"wp","href":"https:\/\/api.w.org\/{rel}","templated":true}]}}